{"id":663,"date":"2024-05-10T00:57:25","date_gmt":"2024-05-10T00:57:25","guid":{"rendered":"https:\/\/quimera.paulonmachado.me\/?page_id=663"},"modified":"2024-09-05T22:50:59","modified_gmt":"2024-09-05T22:50:59","slug":"terms-and-conditions","status":"publish","type":"page","link":"https:\/\/quimeraexperience.com\/pt\/terms-and-conditions\/","title":{"rendered":"Termos e Condi\u00e7\u00f5es"},"content":{"rendered":"<div data-elementor-type=\"wp-page\" data-elementor-id=\"663\" class=\"elementor elementor-663\">\n\t\t\t\t<div class=\"elementor-element elementor-element-78e43ab e-flex e-con-boxed e-con e-parent\" data-id=\"78e43ab\" data-element_type=\"container\" data-settings=\"{&quot;jet_parallax_layout_list&quot;:[]}\" data-no-translation=\"\">\n\t\t\t\t\t<div class=\"e-con-inner\">\n\t\t\t\t<div class=\"elementor-element elementor-element-bb85f90 elementor-widget elementor-widget-heading\" data-id=\"bb85f90\" data-element_type=\"widget\" data-widget_type=\"heading.default\">\n\t\t\t\t<div class=\"elementor-widget-container\">\n\t\t\t\t\t<h2 class=\"elementor-heading-title elementor-size-default\">Terms and Conditions<\/h2>\t\t\t\t<\/div>\n\t\t\t\t<\/div>\n\t\t\t\t<div class=\"elementor-element elementor-element-37a069e elementor-widget elementor-widget-text-editor\" data-id=\"37a069e\" data-element_type=\"widget\" data-widget_type=\"text-editor.default\">\n\t\t\t\t<div class=\"elementor-widget-container\">\n\t\t\t\t\t\t\t\t\t<p>TERMOS E CONDI\u00c7\u00d5ES (SERVI\u00c7O) quimeraexperience.com<\/p>\n<p>Quimera &#8211; Azorean Art &amp; Culture Night Trail Show<\/p>\n<p>1.o Estas condi\u00e7\u00f5es gerais de venda s\u00e3o acordadas entre Espelho Voador Associa\u00e7\u00e3o, com sede Rua do Mourato 70-A, Correio 65, n\u00famero de identifica\u00e7\u00e3o fiscal 518 577 937 e contacto +351 918406127, doravante designada por \u201cEspelho Voador\u201c e as pessoas que desejem efetuar compras atrav\u00e9s do website quimeraexperience.com doravante designadas por &#8220;Utilizador&#8221;.<\/p>\n<p>2.o As partes acordam que as compras efetuadas atrav\u00e9s do website quimeraexperience.com ser\u00e3o reguladas exclusivamente pelo presente contrato com exclus\u00e3o de quaisquer condi\u00e7\u00f5es previamente dispon\u00edveis no website.<\/p>\n<p>ARTIGO 1 \u2013 OBJETO<\/p>\n<p>As presentes condi\u00e7\u00f5es gerais de venda t\u00eam por objeto disponibilizar e definir todas as informa\u00e7\u00f5es necess\u00e1rias ao Utilizador sobre as modalidades de encomenda, de venda, pagamento e presta\u00e7\u00e3o do servi\u00e7o, efetuado no website quimeraexperience.com<br \/>\n2. Estas condi\u00e7\u00f5es regulam todas as etapas necess\u00e1rias para realizar a aquisi\u00e7\u00e3o e garantem o seguimento desta presta\u00e7\u00e3o de servi\u00e7o ao Utilizador.<\/p>\n<p>ARTIGO 2 \u2013 ENCOMENDA<\/p>\n<p>1. O Utilizador concretiza a sua encomenda atrav\u00e9s da conclus\u00e3o do processo de compra apresentado no website quimeraexperience.com, adicionando o(s) produto(s) ou servi\u00e7o(s) que pretende encomendar ao cesto de compras:<\/p>\n<p>2. Para enviar a sua encomenda o Utilizador dever\u00e1: completar a informa\u00e7\u00e3o e escolher as op\u00e7\u00f5es que lhe s\u00e3o disponibilizadas ao longo do processo de termino da encomenda<\/p>\n<p>3. A confirma\u00e7\u00e3o final da encomenda pelo Utilizador equivale \u00e0 aceita\u00e7\u00e3o plena e completa dos pre\u00e7os e descri\u00e7\u00e3o dos produtos\/servi\u00e7os dispon\u00edveis para venda assim como destas Condi\u00e7\u00f5es Gerais de Venda que ser\u00e3o as \u00fanicas aplic\u00e1veis ao contrato assim conclu\u00eddo.<\/p>\n<p>4. Espelho Voador honrar\u00e1 as encomendas recebidas online. Na falta de disponibilidade da presta\u00e7\u00e3o do servi\u00e7o Espelho Voador compromete-se a informar o Utilizador logo que lhe seja poss\u00edvel.<\/p>\n<p>5. Os dados constantes na fatura s\u00e3o da inteira responsabilidade do Utilizador. A fatura depois de emitida n\u00e3o poder\u00e1 ser reemitida com altera\u00e7\u00f5es.<\/p>\n<p>6. Caso o pagamento da factura n\u00e3o seja recepcionado pelos servi\u00e7os dentro do prazo indicado, a encomenda n\u00e3o ser\u00e1 garantida.<\/p>\n<p>ARTIGO 3 \u2013 PAGAMENTO<br \/>\n1. No website quimeraexperience.com,\u00a0Espelho Voador prop\u00f5e ao Utilizador as seguintes modalidades de\u00a0pagamento via Easypay &#8211; Institui\u00e7\u00e3o de Pagamento Lda:<\/p>\n<p>a) \u00a0Cart\u00e3o de cr\u00e9dito (Visa, Mastercard).<br \/>\nb) \u00a0Refer\u00eancia Multibanco;<br \/>\nc)\u00a0 Mbway.<\/p>\n<p><img decoding=\"async\" class=\"alignnone size-medium wp-image-972\" src=\"https:\/\/quimeraexperience.com\/wp-content\/uploads\/2024\/05\/cc-mbs-reta-300x104.png\" alt=\"\" width=\"300\" height=\"104\" srcset=\"https:\/\/quimeraexperience.com\/wp-content\/uploads\/2024\/05\/cc-mbs-reta-300x104.png 300w, https:\/\/quimeraexperience.com\/wp-content\/uploads\/2024\/05\/cc-mbs-reta-1024x354.png 1024w, https:\/\/quimeraexperience.com\/wp-content\/uploads\/2024\/05\/cc-mbs-reta-768x265.png 768w, https:\/\/quimeraexperience.com\/wp-content\/uploads\/2024\/05\/cc-mbs-reta-18x6.png 18w, https:\/\/quimeraexperience.com\/wp-content\/uploads\/2024\/05\/cc-mbs-reta-1320x456.png 1320w, https:\/\/quimeraexperience.com\/wp-content\/uploads\/2024\/05\/cc-mbs-reta-600x207.png 600w, https:\/\/quimeraexperience.com\/wp-content\/uploads\/2024\/05\/cc-mbs-reta.png 1447w\" sizes=\"(max-width: 300px) 100vw, 300px\" \/><\/p>\n<p>2. No caso do pagamento com cart\u00e3o de cr\u00e9dito, o d\u00e9bito ser\u00e1 efetuado no cart\u00e3o do Utilizador imediatamente ap\u00f3s confirma\u00e7\u00e3o da capacidade de presta\u00e7\u00e3o do servi\u00e7o. Se algum dos servi\u00e7os encomendados n\u00e3o for poss\u00edvel de ser prestado, o valor dos mesmos ser\u00e1 creditado no cart\u00e3o do Utilizador, ap\u00f3s o fecho da encomenda.<\/p>\n<p>ARTIGO 4 \u2013 DISPONIBILIZA\u00c7\u00c3O E CONSUMO<br \/>\n1. A disponibiliza\u00e7\u00e3o do servi\u00e7o ser\u00e1 realizada ap\u00f3s a confirma\u00e7\u00e3o do pagamento efectuado.<\/p>\n<p class=\"p1\">A participa\u00e7\u00e3o no evento requer a assinatura de um termo de responsabilidade. N\u00e3o somos respons\u00e1veis por acidentes ou pela perda de bens pessoais e n\u00e3o os podemos guardar.<\/p>\n<p class=\"p1\">O evento cont\u00e9m flashes de luz e n\u00e3o \u00e9 acess\u00edvel a cadeiras de rodas.<\/p>\n<p>ARTIGO 5 \u2013 PRE\u00c7OS<br \/>\n1. Os pre\u00e7os devem entender-se em Euros, com taxas e impostos inclu\u00eddos, tendo em conta o IVA em vigor \u00e0 data do pagamento da encomenda.<\/p>\n<p>2. Caso se verifique um aumento do Pre\u00e7os de algum servi\u00e7o, o Utilizador ser\u00e1 informado de imediato, podendo optar por continuar a sua encomenda (efetuando o pagamento da diferen\u00e7a) ou por proceder ao seu cancelamento.<\/p>\n<p>ARTIGO 6 \u2013 CANCELAMENTO E DEVOLU\u00c7\u00c3O<\/p>\n<p class=\"p1\">Se o participante chegar mais do que 20 minutos atrasado, a visita guiada ir\u00e1 come\u00e7ar sem o mesmo, e n\u00e3o ser\u00e1 poss\u00edvel integr\u00e1-la posteriormente. Neste caso n\u00e3o \u00e9 poss\u00edvel a devolu\u00e7\u00e3o do valor do bilhete.<\/p>\n<p>O processo de cancelamento ou devolu\u00e7\u00e3o \u00e9 tratado caso a caso, por Espelho Voador. O pedido dever\u00e1 chegar por escrito para o e-mail de contacto talkto@quimeraexperience.com, at\u00e9 24 horas ap\u00f3s a encomenda, sendo as instru\u00e7\u00f5es de cancelamento ou devolu\u00e7\u00e3o do valor pago respondidas e definidas por Espelho Voador, pelo mesmo meio de comunica\u00e7\u00e3o.<\/p>\n<p>Sempre que poss\u00edvel a devolu\u00e7\u00e3o dever\u00e1 realizar-se pela mesma via de pagamento, mas caso n\u00e3o seja poss\u00edvel, o utilizador dever\u00e1 apresentar comprovativos de pagamento e de titularidade de conta ou cart\u00e3o, para que se realize a devolu\u00e7\u00e3o por Transfer\u00eancia Banc\u00e1ria.<\/p>\n<p>Espelho Voador compromete-se a reembolsar o Utilizador no prazo m\u00e1ximo de 15 dias.<\/p>\n<p>ARTIGO 7 \u2013 POL\u00cdTICA DE PRIVACIDADE<\/p>\n<p>O tratamento dos seus dados \u00e9 feito no cumprimento da legisla\u00e7\u00e3o sobre a prote\u00e7\u00e3o de dados pessoais. Os mesmos, sujeitos a tratamento inform\u00e1tico, constar\u00e3o na(s) base(s) de dados de Espelho Voador e destinam-se ao registo e apresenta\u00e7\u00e3o de outros produtos e servi\u00e7os, bem como informa\u00e7\u00e3o institucional, a disponibilizar pelas mesmas.<\/p>\n<p>O seu fornecimento \u00e9 facultativo e \u00e9 garantido, nos termos da lei, o direito de acesso, retifica\u00e7\u00e3o e anula\u00e7\u00e3o de qualquer dado que lhe diga diretamente respeito, pessoalmente ou por via escrita, diretamente para o endere\u00e7o constante na p\u00e1gina inicial deste website.<\/p>\n\t\t\t\t\t\t\t\t<\/div>\n\t\t\t\t<\/div>\n\t\t\t\t\t<\/div>\n\t\t\t\t<\/div>\n\t\t<div class=\"elementor-element elementor-element-94779f4 e-flex e-con-boxed e-con e-parent\" data-id=\"94779f4\" data-element_type=\"container\" data-settings=\"{&quot;jet_parallax_layout_list&quot;:[]}\">\n\t\t\t\t\t<div class=\"e-con-inner\">\n\t\t\t\t<div class=\"elementor-element elementor-element-338f849 elementor-align-center elementor-widget elementor-widget-button\" data-id=\"338f849\" data-element_type=\"widget\" data-widget_type=\"button.default\">\n\t\t\t\t<div class=\"elementor-widget-container\">\n\t\t\t\t\t\t\t\t\t<div class=\"elementor-button-wrapper\">\n\t\t\t\t\t<a class=\"elementor-button elementor-button-link elementor-size-sm\" href=\"\/\">\n\t\t\t\t\t\t<span class=\"elementor-button-content-wrapper\">\n\t\t\t\t\t\t\t\t\t<span class=\"elementor-button-text\">back to the forest<\/span>\n\t\t\t\t\t<\/span>\n\t\t\t\t\t<\/a>\n\t\t\t\t<\/div>\n\t\t\t\t\t\t\t\t<\/div>\n\t\t\t\t<\/div>\n\t\t\t\t\t<\/div>\n\t\t\t\t<\/div>\n\t\t\t\t<\/div>","protected":false},"excerpt":{"rendered":"<p>Terms and Conditions Terms and Conditions back to the forest<\/p>","protected":false},"author":1,"featured_media":0,"parent":0,"menu_order":0,"comment_status":"closed","ping_status":"closed","template":"elementor_canvas","meta":{"footnotes":""},"class_list":["post-663","page","type-page","status-publish","hentry"],"_links":{"self":[{"href":"https:\/\/quimeraexperience.com\/pt\/wp-json\/wp\/v2\/pages\/663","targetHints":{"allow":["GET"]}}],"collection":[{"href":"https:\/\/quimeraexperience.com\/pt\/wp-json\/wp\/v2\/pages"}],"about":[{"href":"https:\/\/quimeraexperience.com\/pt\/wp-json\/wp\/v2\/types\/page"}],"author":[{"embeddable":true,"href":"https:\/\/quimeraexperience.com\/pt\/wp-json\/wp\/v2\/users\/1"}],"replies":[{"embeddable":true,"href":"https:\/\/quimeraexperience.com\/pt\/wp-json\/wp\/v2\/comments?post=663"}],"version-history":[{"count":10,"href":"https:\/\/quimeraexperience.com\/pt\/wp-json\/wp\/v2\/pages\/663\/revisions"}],"predecessor-version":[{"id":1453,"href":"https:\/\/quimeraexperience.com\/pt\/wp-json\/wp\/v2\/pages\/663\/revisions\/1453"}],"wp:attachment":[{"href":"https:\/\/quimeraexperience.com\/pt\/wp-json\/wp\/v2\/media?parent=663"}],"curies":[{"name":"wp","href":"https:\/\/api.w.org\/{rel}","templated":true}]}}